{"id":2589,"date":"2026-01-12T14:18:20","date_gmt":"2026-01-12T13:18:20","guid":{"rendered":"https:\/\/kkwebdizajn.com\/?page_id=2589"},"modified":"2026-03-13T14:14:34","modified_gmt":"2026-03-13T13:14:34","slug":"rolam","status":"publish","type":"page","link":"https:\/\/kkwebdizajn.com\/svk\/rolam\/","title":{"rendered":"O mne"},"content":{"rendered":"<div data-elementor-type=\"wp-page\" data-elementor-id=\"2589\" class=\"elementor elementor-2589\" data-elementor-post-type=\"page\">\n\t\t\t\t<div class=\"elementor-element elementor-element-505f2b81 e-flex e-con-boxed e-con e-parent\" data-id=\"505f2b81\" data-element_type=\"container\" data-e-type=\"container\" data-settings=\"{&quot;background_background&quot;:&quot;classic&quot;}\">\n\t\t\t\t\t<div class=\"e-con-inner\">\n\t\t<div class=\"elementor-element elementor-element-2b6178a7 e-con-full e-flex e-con e-child\" data-id=\"2b6178a7\" data-element_type=\"container\" data-e-type=\"container\">\n\t\t\t\t<div class=\"elementor-element elementor-element-2fa2aa19 elementor-widget-tablet__width-inherit elementor-widget elementor-widget-heading\" data-id=\"2fa2aa19\" data-element_type=\"widget\" data-e-type=\"widget\" data-widget_type=\"heading.default\">\n\t\t\t\t<div class=\"elementor-widget-container\">\n\t\t\t\t\t<h2 class=\"elementor-heading-title elementor-size-default\">Mojim cie\u013eom je pom\u00f4c\u0165 podnikate\u013ek\u00e1m vytvori\u0165 modern\u00fa webstr\u00e1nku, ktor\u00e1 lad\u00ed s ich pr\u00edtomnos\u0165ou na soci\u00e1lnych sie\u0165ach a z\u00e1rove\u0148 prin\u00e1\u0161a skuto\u010dn\u00fdch klientov.<\/h2>\t\t\t\t<\/div>\n\t\t\t\t<\/div>\n\t\t\t\t<\/div>\n\t\t<div class=\"elementor-element elementor-element-53c00c99 e-con-full e-flex e-con e-child\" data-id=\"53c00c99\" data-element_type=\"container\" data-e-type=\"container\">\n\t\t\t\t<div class=\"elementor-element elementor-element-307f9fa3 elementor-widget elementor-widget-image\" data-id=\"307f9fa3\" data-element_type=\"widget\" data-e-type=\"widget\" data-widget_type=\"image.default\">\n\t\t\t\t<div class=\"elementor-widget-container\">\n\t\t\t\t\t\t\t\t\t\t\t\t\t\t\t<img fetchpriority=\"high\" decoding=\"async\" width=\"1080\" height=\"1350\" src=\"https:\/\/kkwebdizajn.com\/wp-content\/uploads\/2026\/03\/me.webp\" class=\"attachment-full size-full wp-image-3922\" alt=\"\" srcset=\"https:\/\/kkwebdizajn.com\/wp-content\/uploads\/2026\/03\/me.webp 1080w, https:\/\/kkwebdizajn.com\/wp-content\/uploads\/2026\/03\/me-240x300.webp 240w, https:\/\/kkwebdizajn.com\/wp-content\/uploads\/2026\/03\/me-819x1024.webp 819w, https:\/\/kkwebdizajn.com\/wp-content\/uploads\/2026\/03\/me-768x960.webp 768w, https:\/\/kkwebdizajn.com\/wp-content\/uploads\/2026\/03\/me-10x12.webp 10w\" sizes=\"(max-width: 1080px) 100vw, 1080px\" \/>\t\t\t\t\t\t\t\t\t\t\t\t\t\t\t<\/div>\n\t\t\t\t<\/div>\n\t\t\t\t<\/div>\n\t\t\t\t\t<\/div>\n\t\t\t\t<\/div>\n\t\t<div class=\"elementor-element elementor-element-fca9e07 e-flex e-con-boxed e-con e-parent\" data-id=\"fca9e07\" data-element_type=\"container\" data-e-type=\"container\" data-settings=\"{&quot;background_background&quot;:&quot;classic&quot;}\">\n\t\t\t\t\t<div class=\"e-con-inner\">\n\t\t<div class=\"elementor-element elementor-element-82d5841 e-con-full e-flex e-con e-child\" data-id=\"82d5841\" data-element_type=\"container\" data-e-type=\"container\" data-settings=\"{&quot;background_background&quot;:&quot;classic&quot;}\">\n\t\t\t\t<div class=\"elementor-element elementor-element-0192b81 elementor-widget elementor-widget-image\" data-id=\"0192b81\" data-element_type=\"widget\" data-e-type=\"widget\" data-widget_type=\"image.default\">\n\t\t\t\t<div class=\"elementor-widget-container\">\n\t\t\t\t\t\t\t\t\t\t\t\t\t\t\t<img decoding=\"async\" width=\"768\" height=\"512\" src=\"https:\/\/kkwebdizajn.com\/wp-content\/uploads\/2026\/03\/pic-768x512.webp\" class=\"attachment-medium_large size-medium_large wp-image-3713\" alt=\"\" srcset=\"https:\/\/kkwebdizajn.com\/wp-content\/uploads\/2026\/03\/pic-768x512.webp 768w, https:\/\/kkwebdizajn.com\/wp-content\/uploads\/2026\/03\/pic-300x200.webp 300w, https:\/\/kkwebdizajn.com\/wp-content\/uploads\/2026\/03\/pic-1024x683.webp 1024w, https:\/\/kkwebdizajn.com\/wp-content\/uploads\/2026\/03\/pic-18x12.webp 18w, https:\/\/kkwebdizajn.com\/wp-content\/uploads\/2026\/03\/pic.webp 1536w\" sizes=\"(max-width: 768px) 100vw, 768px\" \/>\t\t\t\t\t\t\t\t\t\t\t\t\t\t\t<\/div>\n\t\t\t\t<\/div>\n\t\t\t\t<div class=\"elementor-element elementor-element-195d806 elementor-invisible elementor-widget elementor-widget-text-editor\" data-id=\"195d806\" data-element_type=\"widget\" data-e-type=\"widget\" data-settings=\"{&quot;_animation&quot;:&quot;slideInLeft&quot;}\" data-widget_type=\"text-editor.default\">\n\t\t\t\t<div class=\"elementor-widget-container\">\n\t\t\t\t\t\t\t\t\t<p>Viem, ak\u00e9 je to robi\u0165 v\u0161etko sama, preto V\u00e1m chcem vzia\u0165 z pliec bremeno digit\u00e1lnej prezent\u00e1cie, aby ste sa mohli s\u00fastredi\u0165 na to, \u010do je vo Va\u0161om podnikan\u00ed naozaj d\u00f4le\u017eit\u00e9.<\/p>\t\t\t\t\t\t\t\t<\/div>\n\t\t\t\t<\/div>\n\t\t\t\t<\/div>\n\t\t<div class=\"elementor-element elementor-element-b3f8a39 e-con-full e-flex e-con e-child\" data-id=\"b3f8a39\" data-element_type=\"container\" data-e-type=\"container\">\n\t\t\t\t<div class=\"elementor-element elementor-element-109265d elementor-widget elementor-widget-text-editor\" data-id=\"109265d\" data-element_type=\"widget\" data-e-type=\"widget\" data-widget_type=\"text-editor.default\">\n\t\t\t\t<div class=\"elementor-widget-container\">\n\t\t\t\t\t\t\t\t\t<p data-start=\"346\" data-end=\"379\" class=\" translation-block\">Ako \u017eena, ktor\u00e1 u\u017e viackr\u00e1t zmenila kari\u00e9ru ver\u00edm, \u017ee ka\u017ed\u00fd m\u00e1 svoju vlastn\u00fa cestu \u2013 sta\u010d\u00ed n\u00e1js\u0165 oblas\u0165, kde m\u00f4\u017ee by\u0165 naozaj SAMA SEBOU. Pracovala som ako odborn\u00ed\u010dka na bezpe\u010dnos\u0165 pr\u00e1ce aj ako osobn\u00e1 tr\u00e9nerka, a\u017e vo veku 36 rokov som na\u0161la to, \u010do dnes pova\u017eujem za svoje skuto\u010dn\u00e9 poslanie.\nDnes pom\u00e1ham mal\u00fdm podnikate\u013ek\u00e1m, ktor\u00e9 sa chc\u00fa prezentova\u0165na svojej webovej str\u00e1nke autenticky a profesion\u00e1lne.<\/p>\t\t\t\t\t\t\t\t<\/div>\n\t\t\t\t<\/div>\n\t\t\t\t<\/div>\n\t\t\t\t<div class=\"elementor-element elementor-element-c85a38e elementor-headline--style-highlight elementor-widget elementor-widget-animated-headline\" data-id=\"c85a38e\" data-element_type=\"widget\" data-e-type=\"widget\" data-settings=\"{&quot;marker&quot;:&quot;underline_zigzag&quot;,&quot;highlighted_text&quot;:&quot;webdesigner.&quot;,&quot;headline_style&quot;:&quot;highlight&quot;,&quot;loop&quot;:&quot;yes&quot;,&quot;highlight_animation_duration&quot;:1200,&quot;highlight_iteration_delay&quot;:8000}\" data-widget_type=\"animated-headline.default\">\n\t\t\t\t<div class=\"elementor-widget-container\">\n\t\t\t\t\t\t\t<h3 class=\"elementor-headline\">\n\t\t\t\t\t<span class=\"elementor-headline-plain-text elementor-headline-text-wrapper\">Ahoj! Vol\u00e1m sa Katka - <\/span>\n\t\t\t\t<span class=\"elementor-headline-dynamic-wrapper elementor-headline-text-wrapper\">\n\t\t\t\t\t<span class=\"elementor-headline-dynamic-text elementor-headline-text-active\">webdizajn\u00e9rka.<\/span>\n\t\t\t\t<\/span>\n\t\t\t\t<\/h3>\n\t\t\t\t\t\t<\/div>\n\t\t\t\t<\/div>\n\t\t\t\t\t<\/div>\n\t\t\t\t<\/div>\n\t\t<div class=\"elementor-element elementor-element-c9f70f4 e-flex e-con-boxed e-con e-parent\" data-id=\"c9f70f4\" data-element_type=\"container\" data-e-type=\"container\" data-settings=\"{&quot;background_background&quot;:&quot;classic&quot;}\">\n\t\t\t\t\t<div class=\"e-con-inner\">\n\t\t<div class=\"elementor-element elementor-element-c517c15 e-con-full e-flex e-con e-child\" data-id=\"c517c15\" data-element_type=\"container\" data-e-type=\"container\" data-settings=\"{&quot;background_background&quot;:&quot;classic&quot;}\">\n\t\t\t\t<div class=\"elementor-element elementor-element-5c72d8d elementor-widget-tablet__width-inherit elementor-widget elementor-widget-heading\" data-id=\"5c72d8d\" data-element_type=\"widget\" data-e-type=\"widget\" data-widget_type=\"heading.default\">\n\t\t\t\t<div class=\"elementor-widget-container\">\n\t\t\t\t\t<h2 class=\"elementor-heading-title elementor-size-default\">kontaktujte ma!<\/h2>\t\t\t\t<\/div>\n\t\t\t\t<\/div>\n\t\t\t\t<div class=\"elementor-element elementor-element-6ff8874 elementor-invisible elementor-widget elementor-widget-text-editor\" data-id=\"6ff8874\" data-element_type=\"widget\" data-e-type=\"widget\" data-settings=\"{&quot;_animation&quot;:&quot;slideInUp&quot;}\" data-widget_type=\"text-editor.default\">\n\t\t\t\t<div class=\"elementor-widget-container\">\n\t\t\t\t\t\t\t\t\t<p>Viete, ktor\u00fd bal\u00edk je pre V\u00e1s vhodn\u00fd? Alebo e\u0161te v\u00e1hate? Ozvite sa mi alebo si rezervujte 30-min\u00fatov\u00fa bezplatn\u00fa konzult\u00e1ciu \u2013 rada V\u00e1m pom\u00f4\u017eem rozhodn\u00fa\u0165 sa.<\/p>\t\t\t\t\t\t\t\t<\/div>\n\t\t\t\t<\/div>\n\t\t\t\t<div class=\"elementor-element elementor-element-da3d7ba elementor-align-center elementor-widget elementor-widget-button\" data-id=\"da3d7ba\" data-element_type=\"widget\" data-e-type=\"widget\" data-widget_type=\"button.default\">\n\t\t\t\t<div class=\"elementor-widget-container\">\n\t\t\t\t\t\t\t\t\t<div class=\"elementor-button-wrapper\">\n\t\t\t\t\t<a class=\"elementor-button elementor-button-link elementor-size-sm\" href=\"https:\/\/kkwebdizajn.com\/kapcsolat\/#kapcsolat\">\n\t\t\t\t\t\t<span class=\"elementor-button-content-wrapper\">\n\t\t\t\t\t\t\t\t\t<span class=\"elementor-button-text\">P\u00ed\u0161em spr\u00e1vu!<\/span>\n\t\t\t\t\t<\/span>\n\t\t\t\t\t<\/a>\n\t\t\t\t<\/div>\n\t\t\t\t\t\t\t\t<\/div>\n\t\t\t\t<\/div>\n\t\t\t\t<\/div>\n\t\t\t\t\t<\/div>\n\t\t\t\t<\/div>\n\t\t\t\t<\/div>","protected":false},"excerpt":{"rendered":"<p>Kisv\u00e1llalkoz\u00f3knak seg\u00edtek olyan modern weboldalt \u00e9p\u00edteni, amely \u00f6sszhangban van a k\u00f6z\u00f6ss\u00e9gi m\u00e9dia jelenl\u00e9t\u00fckkel, \u00e9s val\u00f3di klienseket hoz. Tudom, milyen \u00e9rz\u00e9s mindent egyed\u00fcl vinni, ez\u00e9rt szeretn\u00e9m levenni r\u00f3lad a digit\u00e1lis megjelen\u00e9s terh\u00e9t, hogy te arra f\u00f3kusz\u00e1lhass, ami igaz\u00e1n fontos a v\u00e1llalkoz\u00e1sodban. T\u00f6bbsz\u00f6r v\u00e1ltottam karriert \u00e9s hiszek abban, hogy mindenkinek megvan a saj\u00e1t \u00fatja \u2013 csak meg [&hellip;]<\/p>\n","protected":false},"author":1,"featured_media":0,"parent":0,"menu_order":0,"comment_status":"closed","ping_status":"closed","template":"elementor_header_footer","meta":{"site-sidebar-layout":"no-sidebar","site-content-layout":"page-builder","ast-site-content-layout":"full-width-container","site-content-style":"default","site-sidebar-style":"default","ast-global-header-display":"","ast-banner-title-visibility":"","ast-main-header-display":"","ast-hfb-above-header-display":"","ast-hfb-below-header-display":"","ast-hfb-mobile-header-display":"","site-post-title":"","ast-breadcrumbs-content":"","ast-featured-img":"disabled","footer-sml-layout":"","ast-disable-related-posts":"","theme-transparent-header-meta":"","adv-header-id-meta":"","stick-header-meta":"","header-above-stick-meta":"","header-main-stick-meta":"","header-below-stick-meta":"","astra-migrate-meta-layouts":"set","ast-page-background-enabled":"default","ast-page-background-meta":{"desktop":{"background-color":"","background-image":"","background-repeat":"repeat","background-position":"center center","background-size":"auto","background-attachment":"scroll","background-type":"","background-media":"","overlay-type":"","overlay-color":"","overlay-opacity":"","overlay-gradient":""},"tablet":{"background-color":"","background-image":"","background-repeat":"repeat","background-position":"center center","background-size":"auto","background-attachment":"scroll","background-type":"","background-media":"","overlay-type":"","overlay-color":"","overlay-opacity":"","overlay-gradient":""},"mobile":{"background-color":"","background-image":"","background-repeat":"repeat","background-position":"center center","background-size":"auto","background-attachment":"scroll","background-type":"","background-media":"","overlay-type":"","overlay-color":"","overlay-opacity":"","overlay-gradient":""}},"ast-content-background-meta":{"desktop":{"background-color":"var(--ast-global-color-5)","background-image":"","background-repeat":"repeat","background-position":"center center","background-size":"auto","background-attachment":"scroll","background-type":"","background-media":"","overlay-type":"","overlay-color":"","overlay-opacity":"","overlay-gradient":""},"tablet":{"background-color":"var(--ast-global-color-5)","background-image":"","background-repeat":"repeat","background-position":"center center","background-size":"auto","background-attachment":"scroll","background-type":"","background-media":"","overlay-type":"","overlay-color":"","overlay-opacity":"","overlay-gradient":""},"mobile":{"background-color":"var(--ast-global-color-5)","background-image":"","background-repeat":"repeat","background-position":"center center","background-size":"auto","background-attachment":"scroll","background-type":"","background-media":"","overlay-type":"","overlay-color":"","overlay-opacity":"","overlay-gradient":""}},"footnotes":""},"class_list":["post-2589","page","type-page","status-publish","hentry"],"_links":{"self":[{"href":"https:\/\/kkwebdizajn.com\/svk\/wp-json\/wp\/v2\/pages\/2589","targetHints":{"allow":["GET"]}}],"collection":[{"href":"https:\/\/kkwebdizajn.com\/svk\/wp-json\/wp\/v2\/pages"}],"about":[{"href":"https:\/\/kkwebdizajn.com\/svk\/wp-json\/wp\/v2\/types\/page"}],"author":[{"embeddable":true,"href":"https:\/\/kkwebdizajn.com\/svk\/wp-json\/wp\/v2\/users\/1"}],"replies":[{"embeddable":true,"href":"https:\/\/kkwebdizajn.com\/svk\/wp-json\/wp\/v2\/comments?post=2589"}],"version-history":[{"count":358,"href":"https:\/\/kkwebdizajn.com\/svk\/wp-json\/wp\/v2\/pages\/2589\/revisions"}],"predecessor-version":[{"id":3925,"href":"https:\/\/kkwebdizajn.com\/svk\/wp-json\/wp\/v2\/pages\/2589\/revisions\/3925"}],"wp:attachment":[{"href":"https:\/\/kkwebdizajn.com\/svk\/wp-json\/wp\/v2\/media?parent=2589"}],"curies":[{"name":"wp","href":"https:\/\/api.w.org\/{rel}","templated":true}]}}