{"id":2527,"date":"2026-01-07T13:27:38","date_gmt":"2026-01-07T12:27:38","guid":{"rendered":"https:\/\/kkwebdizajn.com\/?page_id=2527"},"modified":"2026-03-17T11:39:55","modified_gmt":"2026-03-17T10:39:55","slug":"portfolio","status":"publish","type":"page","link":"https:\/\/kkwebdizajn.com\/svk\/portfoliom\/","title":{"rendered":"Portf\u00f3lio"},"content":{"rendered":"<div data-elementor-type=\"wp-page\" data-elementor-id=\"2527\" class=\"elementor elementor-2527\" data-elementor-post-type=\"page\">\n\t\t\t\t<div class=\"elementor-element elementor-element-329908c e-flex e-con-boxed e-con e-parent\" data-id=\"329908c\" data-element_type=\"container\" data-e-type=\"container\" data-settings=\"{&quot;background_background&quot;:&quot;classic&quot;}\">\n\t\t\t\t\t<div class=\"e-con-inner\">\n\t\t<div class=\"elementor-element elementor-element-f957051 e-con-full e-flex e-con e-child\" data-id=\"f957051\" data-element_type=\"container\" data-e-type=\"container\">\n\t\t\t\t<div class=\"elementor-element elementor-element-98d2fae elementor-widget elementor-widget-heading\" data-id=\"98d2fae\" data-element_type=\"widget\" data-e-type=\"widget\" data-widget_type=\"heading.default\">\n\t\t\t\t<div class=\"elementor-widget-container\">\n\t\t\t\t\t<h1 class=\"elementor-heading-title elementor-size-default\">Moje pr\u00e1ce<\/h1>\t\t\t\t<\/div>\n\t\t\t\t<\/div>\n\t\t\t\t<\/div>\n\t\t\t\t<div class=\"elementor-element elementor-element-269d15f elementor-widget elementor-widget-text-editor\" data-id=\"269d15f\" data-element_type=\"widget\" data-e-type=\"widget\" data-widget_type=\"text-editor.default\">\n\t\t\t\t<div class=\"elementor-widget-container\">\n\t\t\t\t\t\t\t\t\t<p>Na tejto str\u00e1nke si m\u00f4\u017eete pozrie\u0165 moje predch\u00e1dzaj\u00face pr\u00e1ce. Z\u00edskate tak jasn\u00fa predstavu o mojom \u0161t\u00fdle a rie\u0161eniach, ktor\u00e9 n\u00e1v\u0161tevn\u00edka str\u00e1nky doved\u00fa tam, kde chcete. M\u00e1m rada jednoduch\u00e9, preh\u013eadn\u00e9, pou\u017e\u00edvate\u013esky pr\u00edjemn\u00e9 a estetick\u00e9 dizajny.<\/p>\t\t\t\t\t\t\t\t<\/div>\n\t\t\t\t<\/div>\n\t\t\t\t\t<\/div>\n\t\t\t\t<\/div>\n\t\t<div class=\"elementor-element elementor-element-9ae3ba4 e-flex e-con-boxed e-con e-parent\" data-id=\"9ae3ba4\" data-element_type=\"container\" data-e-type=\"container\" data-settings=\"{&quot;background_background&quot;:&quot;classic&quot;}\">\n\t\t\t\t\t<div class=\"e-con-inner\">\n\t\t<div class=\"elementor-element elementor-element-1905929 e-con-full e-flex e-con e-child\" data-id=\"1905929\" data-element_type=\"container\" data-e-type=\"container\" data-settings=\"{&quot;background_background&quot;:&quot;classic&quot;}\">\n\t\t<div class=\"elementor-element elementor-element-b4a854c e-con-full e-flex e-con e-child\" data-id=\"b4a854c\" data-element_type=\"container\" data-e-type=\"container\">\n\t\t\t\t<div class=\"elementor-element elementor-element-17d1533 elementor-widget elementor-widget-image\" data-id=\"17d1533\" data-element_type=\"widget\" data-e-type=\"widget\" data-widget_type=\"image.default\">\n\t\t\t\t<div class=\"elementor-widget-container\">\n\t\t\t\t\t\t\t\t\t\t\t\t\t\t\t<img fetchpriority=\"high\" decoding=\"async\" width=\"1024\" height=\"683\" src=\"https:\/\/kkwebdizajn.com\/wp-content\/uploads\/2026\/01\/1-1-1024x683.webp\" class=\"attachment-large size-large wp-image-2538\" alt=\"\" srcset=\"https:\/\/kkwebdizajn.com\/wp-content\/uploads\/2026\/01\/1-1-1024x683.webp 1024w, https:\/\/kkwebdizajn.com\/wp-content\/uploads\/2026\/01\/1-1-300x200.webp 300w, https:\/\/kkwebdizajn.com\/wp-content\/uploads\/2026\/01\/1-1-768x512.webp 768w, https:\/\/kkwebdizajn.com\/wp-content\/uploads\/2026\/01\/1-1-1536x1024.webp 1536w, https:\/\/kkwebdizajn.com\/wp-content\/uploads\/2026\/01\/1-1-600x400.webp 600w, https:\/\/kkwebdizajn.com\/wp-content\/uploads\/2026\/01\/1-1.webp 1800w\" sizes=\"(max-width: 1024px) 100vw, 1024px\" \/>\t\t\t\t\t\t\t\t\t\t\t\t\t\t\t<\/div>\n\t\t\t\t<\/div>\n\t\t\t\t<div class=\"elementor-element elementor-element-1f59a50 elementor-widget elementor-widget-button\" data-id=\"1f59a50\" data-element_type=\"widget\" data-e-type=\"widget\" data-widget_type=\"button.default\">\n\t\t\t\t<div class=\"elementor-widget-container\">\n\t\t\t\t\t\t\t\t\t<div class=\"elementor-button-wrapper\">\n\t\t\t\t\t<a class=\"elementor-button elementor-button-link elementor-size-sm\" href=\"https:\/\/angolnyelviskola.kkwebdizajn.com\/\" target=\"_blank\">\n\t\t\t\t\t\t<span class=\"elementor-button-content-wrapper\">\n\t\t\t\t\t\t<span class=\"elementor-button-icon\">\n\t\t\t\t<i aria-hidden=\"true\" class=\"fas fa-angle-double-right\"><\/i>\t\t\t<\/span>\n\t\t\t\t\t\t\t\t\t<span class=\"elementor-button-text\">Chcem vidie\u0165<\/span>\n\t\t\t\t\t<\/span>\n\t\t\t\t\t<\/a>\n\t\t\t\t<\/div>\n\t\t\t\t\t\t\t\t<\/div>\n\t\t\t\t<\/div>\n\t\t\t\t<\/div>\n\t\t<div class=\"elementor-element elementor-element-b340f5c e-con-full e-flex e-con e-child\" data-id=\"b340f5c\" data-element_type=\"container\" data-e-type=\"container\">\n\t\t\t\t<div class=\"elementor-element elementor-element-0e4d20c elementor-widget elementor-widget-image\" data-id=\"0e4d20c\" data-element_type=\"widget\" data-e-type=\"widget\" data-widget_type=\"image.default\">\n\t\t\t\t<div class=\"elementor-widget-container\">\n\t\t\t\t\t\t\t\t\t\t\t\t\t\t\t<img decoding=\"async\" width=\"1024\" height=\"683\" src=\"https:\/\/kkwebdizajn.com\/wp-content\/uploads\/2026\/01\/2-1-1024x683.webp\" class=\"attachment-large size-large wp-image-2539\" alt=\"\" srcset=\"https:\/\/kkwebdizajn.com\/wp-content\/uploads\/2026\/01\/2-1-1024x683.webp 1024w, https:\/\/kkwebdizajn.com\/wp-content\/uploads\/2026\/01\/2-1-300x200.webp 300w, https:\/\/kkwebdizajn.com\/wp-content\/uploads\/2026\/01\/2-1-768x512.webp 768w, https:\/\/kkwebdizajn.com\/wp-content\/uploads\/2026\/01\/2-1-1536x1024.webp 1536w, https:\/\/kkwebdizajn.com\/wp-content\/uploads\/2026\/01\/2-1-600x400.webp 600w, https:\/\/kkwebdizajn.com\/wp-content\/uploads\/2026\/01\/2-1.webp 1800w\" sizes=\"(max-width: 1024px) 100vw, 1024px\" \/>\t\t\t\t\t\t\t\t\t\t\t\t\t\t\t<\/div>\n\t\t\t\t<\/div>\n\t\t\t\t<div class=\"elementor-element elementor-element-c9e170e elementor-widget elementor-widget-button\" data-id=\"c9e170e\" data-element_type=\"widget\" data-e-type=\"widget\" data-widget_type=\"button.default\">\n\t\t\t\t<div class=\"elementor-widget-container\">\n\t\t\t\t\t\t\t\t\t<div class=\"elementor-button-wrapper\">\n\t\t\t\t\t<a class=\"elementor-button elementor-button-link elementor-size-sm\" href=\"https:\/\/kedvenckonyvek.kkwebdizajn.com\/\" target=\"_blank\">\n\t\t\t\t\t\t<span class=\"elementor-button-content-wrapper\">\n\t\t\t\t\t\t<span class=\"elementor-button-icon\">\n\t\t\t\t<i aria-hidden=\"true\" class=\"fas fa-angle-double-right\"><\/i>\t\t\t<\/span>\n\t\t\t\t\t\t\t\t\t<span class=\"elementor-button-text\">Chcem vidie\u0165<\/span>\n\t\t\t\t\t<\/span>\n\t\t\t\t\t<\/a>\n\t\t\t\t<\/div>\n\t\t\t\t\t\t\t\t<\/div>\n\t\t\t\t<\/div>\n\t\t\t\t<\/div>\n\t\t<div class=\"elementor-element elementor-element-8169c41 e-con-full e-flex e-con e-child\" data-id=\"8169c41\" data-element_type=\"container\" data-e-type=\"container\">\n\t\t\t\t<div class=\"elementor-element elementor-element-2e3fa52 elementor-widget elementor-widget-image\" data-id=\"2e3fa52\" data-element_type=\"widget\" data-e-type=\"widget\" data-widget_type=\"image.default\">\n\t\t\t\t<div class=\"elementor-widget-container\">\n\t\t\t\t\t\t\t\t\t\t\t\t\t\t\t<img decoding=\"async\" width=\"1024\" height=\"683\" src=\"https:\/\/kkwebdizajn.com\/wp-content\/uploads\/2026\/01\/3-1024x683.webp\" class=\"attachment-large size-large wp-image-2571\" alt=\"\" srcset=\"https:\/\/kkwebdizajn.com\/wp-content\/uploads\/2026\/01\/3-1024x683.webp 1024w, https:\/\/kkwebdizajn.com\/wp-content\/uploads\/2026\/01\/3-300x200.webp 300w, https:\/\/kkwebdizajn.com\/wp-content\/uploads\/2026\/01\/3-768x512.webp 768w, https:\/\/kkwebdizajn.com\/wp-content\/uploads\/2026\/01\/3-1536x1024.webp 1536w, https:\/\/kkwebdizajn.com\/wp-content\/uploads\/2026\/01\/3-600x400.webp 600w, https:\/\/kkwebdizajn.com\/wp-content\/uploads\/2026\/01\/3.webp 1800w\" sizes=\"(max-width: 1024px) 100vw, 1024px\" \/>\t\t\t\t\t\t\t\t\t\t\t\t\t\t\t<\/div>\n\t\t\t\t<\/div>\n\t\t\t\t<div class=\"elementor-element elementor-element-3f02a2d elementor-widget elementor-widget-button\" data-id=\"3f02a2d\" data-element_type=\"widget\" data-e-type=\"widget\" data-widget_type=\"button.default\">\n\t\t\t\t<div class=\"elementor-widget-container\">\n\t\t\t\t\t\t\t\t\t<div class=\"elementor-button-wrapper\">\n\t\t\t\t\t<a class=\"elementor-button elementor-button-link elementor-size-sm\" href=\"https:\/\/alicehartman.kkwebdizajn.com\/\" target=\"_blank\">\n\t\t\t\t\t\t<span class=\"elementor-button-content-wrapper\">\n\t\t\t\t\t\t<span class=\"elementor-button-icon\">\n\t\t\t\t<i aria-hidden=\"true\" class=\"fas fa-angle-double-right\"><\/i>\t\t\t<\/span>\n\t\t\t\t\t\t\t\t\t<span class=\"elementor-button-text\">Chcem vidie\u0165<\/span>\n\t\t\t\t\t<\/span>\n\t\t\t\t\t<\/a>\n\t\t\t\t<\/div>\n\t\t\t\t\t\t\t\t<\/div>\n\t\t\t\t<\/div>\n\t\t\t\t<\/div>\n\t\t\t\t<\/div>\n\t\t<div class=\"elementor-element elementor-element-6dd7611 e-con-full e-flex e-con e-child\" data-id=\"6dd7611\" data-element_type=\"container\" data-e-type=\"container\" data-settings=\"{&quot;background_background&quot;:&quot;classic&quot;}\">\n\t\t<div class=\"elementor-element elementor-element-85721e9 e-con-full e-flex e-con e-child\" data-id=\"85721e9\" data-element_type=\"container\" data-e-type=\"container\">\n\t\t\t\t<div class=\"elementor-element elementor-element-1155b9f elementor-widget elementor-widget-image\" data-id=\"1155b9f\" data-element_type=\"widget\" data-e-type=\"widget\" data-widget_type=\"image.default\">\n\t\t\t\t<div class=\"elementor-widget-container\">\n\t\t\t\t\t\t\t\t\t\t\t\t\t\t\t<img loading=\"lazy\" decoding=\"async\" width=\"1024\" height=\"683\" src=\"https:\/\/kkwebdizajn.com\/wp-content\/uploads\/2026\/02\/Gold-Elegant-Patterned-Photography-Gift-Certificate-1024x683.webp\" class=\"attachment-large size-large wp-image-3198\" alt=\"\" srcset=\"https:\/\/kkwebdizajn.com\/wp-content\/uploads\/2026\/02\/Gold-Elegant-Patterned-Photography-Gift-Certificate-1024x683.webp 1024w, https:\/\/kkwebdizajn.com\/wp-content\/uploads\/2026\/02\/Gold-Elegant-Patterned-Photography-Gift-Certificate-300x200.webp 300w, https:\/\/kkwebdizajn.com\/wp-content\/uploads\/2026\/02\/Gold-Elegant-Patterned-Photography-Gift-Certificate-768x512.webp 768w, https:\/\/kkwebdizajn.com\/wp-content\/uploads\/2026\/02\/Gold-Elegant-Patterned-Photography-Gift-Certificate-1536x1024.webp 1536w, https:\/\/kkwebdizajn.com\/wp-content\/uploads\/2026\/02\/Gold-Elegant-Patterned-Photography-Gift-Certificate-600x400.webp 600w, https:\/\/kkwebdizajn.com\/wp-content\/uploads\/2026\/02\/Gold-Elegant-Patterned-Photography-Gift-Certificate.webp 1800w\" sizes=\"(max-width: 1024px) 100vw, 1024px\" \/>\t\t\t\t\t\t\t\t\t\t\t\t\t\t\t<\/div>\n\t\t\t\t<\/div>\n\t\t\t\t<div class=\"elementor-element elementor-element-a772b66 elementor-widget elementor-widget-button\" data-id=\"a772b66\" data-element_type=\"widget\" data-e-type=\"widget\" data-widget_type=\"button.default\">\n\t\t\t\t<div class=\"elementor-widget-container\">\n\t\t\t\t\t\t\t\t\t<div class=\"elementor-button-wrapper\">\n\t\t\t\t\t<a class=\"elementor-button elementor-button-link elementor-size-sm\" href=\"https:\/\/studiobysarah.kkwebdizajn.com\/\" target=\"_blank\">\n\t\t\t\t\t\t<span class=\"elementor-button-content-wrapper\">\n\t\t\t\t\t\t<span class=\"elementor-button-icon\">\n\t\t\t\t<i aria-hidden=\"true\" class=\"fas fa-angle-double-right\"><\/i>\t\t\t<\/span>\n\t\t\t\t\t\t\t\t\t<span class=\"elementor-button-text\">Chcem vidie\u0165<\/span>\n\t\t\t\t\t<\/span>\n\t\t\t\t\t<\/a>\n\t\t\t\t<\/div>\n\t\t\t\t\t\t\t\t<\/div>\n\t\t\t\t<\/div>\n\t\t\t\t<\/div>\n\t\t<div class=\"elementor-element elementor-element-ed5dc0b e-con-full e-flex e-con e-child\" data-id=\"ed5dc0b\" data-element_type=\"container\" data-e-type=\"container\">\n\t\t\t\t<div class=\"elementor-element elementor-element-6adda00 elementor-widget elementor-widget-image\" data-id=\"6adda00\" data-element_type=\"widget\" data-e-type=\"widget\" data-widget_type=\"image.default\">\n\t\t\t\t<div class=\"elementor-widget-container\">\n\t\t\t\t\t\t\t\t\t\t\t\t\t\t\t<img loading=\"lazy\" decoding=\"async\" width=\"1024\" height=\"683\" src=\"https:\/\/kkwebdizajn.com\/wp-content\/uploads\/2026\/03\/OZ-IKON-1024x683.webp\" class=\"attachment-large size-large wp-image-3644\" alt=\"\" srcset=\"https:\/\/kkwebdizajn.com\/wp-content\/uploads\/2026\/03\/OZ-IKON-1024x683.webp 1024w, https:\/\/kkwebdizajn.com\/wp-content\/uploads\/2026\/03\/OZ-IKON-300x200.webp 300w, https:\/\/kkwebdizajn.com\/wp-content\/uploads\/2026\/03\/OZ-IKON-768x512.webp 768w, https:\/\/kkwebdizajn.com\/wp-content\/uploads\/2026\/03\/OZ-IKON-1536x1024.webp 1536w, https:\/\/kkwebdizajn.com\/wp-content\/uploads\/2026\/03\/OZ-IKON.webp 1800w\" sizes=\"(max-width: 1024px) 100vw, 1024px\" \/>\t\t\t\t\t\t\t\t\t\t\t\t\t\t\t<\/div>\n\t\t\t\t<\/div>\n\t\t\t\t<div class=\"elementor-element elementor-element-4f170f1 elementor-widget elementor-widget-button\" data-id=\"4f170f1\" data-element_type=\"widget\" data-e-type=\"widget\" data-widget_type=\"button.default\">\n\t\t\t\t<div class=\"elementor-widget-container\">\n\t\t\t\t\t\t\t\t\t<div class=\"elementor-button-wrapper\">\n\t\t\t\t\t<a class=\"elementor-button elementor-button-link elementor-size-sm\" href=\"https:\/\/ozikon.com\/\" target=\"_blank\">\n\t\t\t\t\t\t<span class=\"elementor-button-content-wrapper\">\n\t\t\t\t\t\t<span class=\"elementor-button-icon\">\n\t\t\t\t<i aria-hidden=\"true\" class=\"fas fa-angle-double-right\"><\/i>\t\t\t<\/span>\n\t\t\t\t\t\t\t\t\t<span class=\"elementor-button-text\">Chcem vidie\u0165<\/span>\n\t\t\t\t\t<\/span>\n\t\t\t\t\t<\/a>\n\t\t\t\t<\/div>\n\t\t\t\t\t\t\t\t<\/div>\n\t\t\t\t<\/div>\n\t\t\t\t<\/div>\n\t\t<div class=\"elementor-element elementor-element-60145fa e-con-full e-flex e-con e-child\" data-id=\"60145fa\" data-element_type=\"container\" data-e-type=\"container\">\n\t\t\t\t<div class=\"elementor-element elementor-element-3d4cd8f elementor-widget elementor-widget-image\" data-id=\"3d4cd8f\" data-element_type=\"widget\" data-e-type=\"widget\" data-widget_type=\"image.default\">\n\t\t\t\t<div class=\"elementor-widget-container\">\n\t\t\t\t\t\t\t\t\t\t\t\t\t\t\t<img loading=\"lazy\" decoding=\"async\" width=\"1024\" height=\"683\" src=\"https:\/\/kkwebdizajn.com\/wp-content\/uploads\/2026\/03\/kkk-1024x683.webp\" class=\"attachment-large size-large wp-image-3928\" alt=\"\" srcset=\"https:\/\/kkwebdizajn.com\/wp-content\/uploads\/2026\/03\/kkk-1024x683.webp 1024w, https:\/\/kkwebdizajn.com\/wp-content\/uploads\/2026\/03\/kkk-300x200.webp 300w, https:\/\/kkwebdizajn.com\/wp-content\/uploads\/2026\/03\/kkk-768x512.webp 768w, https:\/\/kkwebdizajn.com\/wp-content\/uploads\/2026\/03\/kkk-1536x1024.webp 1536w, https:\/\/kkwebdizajn.com\/wp-content\/uploads\/2026\/03\/kkk-18x12.webp 18w, https:\/\/kkwebdizajn.com\/wp-content\/uploads\/2026\/03\/kkk.webp 1800w\" sizes=\"(max-width: 1024px) 100vw, 1024px\" \/>\t\t\t\t\t\t\t\t\t\t\t\t\t\t\t<\/div>\n\t\t\t\t<\/div>\n\t\t\t\t<div class=\"elementor-element elementor-element-5b1b50d elementor-widget elementor-widget-button\" data-id=\"5b1b50d\" data-element_type=\"widget\" data-e-type=\"widget\" data-widget_type=\"button.default\">\n\t\t\t\t<div class=\"elementor-widget-container\">\n\t\t\t\t\t\t\t\t\t<div class=\"elementor-button-wrapper\">\n\t\t\t\t\t<a class=\"elementor-button elementor-button-link elementor-size-sm\" href=\"https:\/\/kutyakikepzokozpont.kkwebdizajn.com\/\" target=\"_blank\">\n\t\t\t\t\t\t<span class=\"elementor-button-content-wrapper\">\n\t\t\t\t\t\t<span class=\"elementor-button-icon\">\n\t\t\t\t<i aria-hidden=\"true\" class=\"fas fa-angle-double-right\"><\/i>\t\t\t<\/span>\n\t\t\t\t\t\t\t\t\t<span class=\"elementor-button-text\">Chcem vidie\u0165<\/span>\n\t\t\t\t\t<\/span>\n\t\t\t\t\t<\/a>\n\t\t\t\t<\/div>\n\t\t\t\t\t\t\t\t<\/div>\n\t\t\t\t<\/div>\n\t\t\t\t<\/div>\n\t\t\t\t<\/div>\n\t\t\t\t\t<\/div>\n\t\t\t\t<\/div>\n\t\t\t\t<\/div>","protected":false},"excerpt":{"rendered":"<p>Eddigi munk\u00e1im Ezen az oldalon megn\u00e9zheted az eddigi munk\u00e1imat. Ebb\u0151l egy\u00e9rtelm\u0171 lesz sz\u00e1modra, milyen a st\u00edlusom, milyen megold\u00e1sokban gondolkodom. Az egyszer\u0171, j\u00f3l \u00e1tl\u00e1that\u00f3, felhaszn\u00e1l\u00f3bar\u00e1t \u00e9s eszt\u00e9tikus diz\u00e1jnokat szeretem. De a l\u00e9nyeg mindig TE vagy, a TE egy\u00e9nis\u00e9ged, hogy a weboldalad azt t\u00fckr\u00f6zze, amit TE k\u00e9viselsz. Megn\u00e9zem Megn\u00e9zem Megn\u00e9zem Megn\u00e9zem Megn\u00e9zem Megn\u00e9zem<\/p>","protected":false},"author":1,"featured_media":0,"parent":0,"menu_order":0,"comment_status":"closed","ping_status":"closed","template":"elementor_header_footer","meta":{"site-sidebar-layout":"no-sidebar","site-content-layout":"page-builder","ast-site-content-layout":"full-width-container","site-content-style":"default","site-sidebar-style":"default","ast-global-header-display":"","ast-banner-title-visibility":"","ast-main-header-display":"","ast-hfb-above-header-display":"","ast-hfb-below-header-display":"","ast-hfb-mobile-header-display":"","site-post-title":"disabled","ast-breadcrumbs-content":"","ast-featured-img":"disabled","footer-sml-layout":"","ast-disable-related-posts":"","theme-transparent-header-meta":"","adv-header-id-meta":"","stick-header-meta":"","header-above-stick-meta":"","header-main-stick-meta":"","header-below-stick-meta":"","astra-migrate-meta-layouts":"set","ast-page-background-enabled":"default","ast-page-background-meta":{"desktop":{"background-color":"","background-image":"","background-repeat":"repeat","background-position":"center center","background-size":"auto","background-attachment":"scroll","background-type":"","background-media":"","overlay-type":"","overlay-color":"","overlay-opacity":"","overlay-gradient":""},"tablet":{"background-color":"","background-image":"","background-repeat":"repeat","background-position":"center center","background-size":"auto","background-attachment":"scroll","background-type":"","background-media":"","overlay-type":"","overlay-color":"","overlay-opacity":"","overlay-gradient":""},"mobile":{"background-color":"","background-image":"","background-repeat":"repeat","background-position":"center center","background-size":"auto","background-attachment":"scroll","background-type":"","background-media":"","overlay-type":"","overlay-color":"","overlay-opacity":"","overlay-gradient":""}},"ast-content-background-meta":{"desktop":{"background-color":"var(--ast-global-color-5)","background-image":"","background-repeat":"repeat","background-position":"center center","background-size":"auto","background-attachment":"scroll","background-type":"","background-media":"","overlay-type":"","overlay-color":"","overlay-opacity":"","overlay-gradient":""},"tablet":{"background-color":"var(--ast-global-color-5)","background-image":"","background-repeat":"repeat","background-position":"center center","background-size":"auto","background-attachment":"scroll","background-type":"","background-media":"","overlay-type":"","overlay-color":"","overlay-opacity":"","overlay-gradient":""},"mobile":{"background-color":"var(--ast-global-color-5)","background-image":"","background-repeat":"repeat","background-position":"center center","background-size":"auto","background-attachment":"scroll","background-type":"","background-media":"","overlay-type":"","overlay-color":"","overlay-opacity":"","overlay-gradient":""}},"footnotes":""},"class_list":["post-2527","page","type-page","status-publish","hentry"],"_links":{"self":[{"href":"https:\/\/kkwebdizajn.com\/svk\/wp-json\/wp\/v2\/pages\/2527","targetHints":{"allow":["GET"]}}],"collection":[{"href":"https:\/\/kkwebdizajn.com\/svk\/wp-json\/wp\/v2\/pages"}],"about":[{"href":"https:\/\/kkwebdizajn.com\/svk\/wp-json\/wp\/v2\/types\/page"}],"author":[{"embeddable":true,"href":"https:\/\/kkwebdizajn.com\/svk\/wp-json\/wp\/v2\/users\/1"}],"replies":[{"embeddable":true,"href":"https:\/\/kkwebdizajn.com\/svk\/wp-json\/wp\/v2\/comments?post=2527"}],"version-history":[{"count":98,"href":"https:\/\/kkwebdizajn.com\/svk\/wp-json\/wp\/v2\/pages\/2527\/revisions"}],"predecessor-version":[{"id":3931,"href":"https:\/\/kkwebdizajn.com\/svk\/wp-json\/wp\/v2\/pages\/2527\/revisions\/3931"}],"wp:attachment":[{"href":"https:\/\/kkwebdizajn.com\/svk\/wp-json\/wp\/v2\/media?parent=2527"}],"curies":[{"name":"wp","href":"https:\/\/api.w.org\/{rel}","templated":true}]}}