{"id":10,"date":"2025-11-21T11:07:34","date_gmt":"2025-11-21T10:07:34","guid":{"rendered":"https:\/\/kkwebdizajn.com\/about-us\/"},"modified":"2026-04-15T14:51:18","modified_gmt":"2026-04-15T12:51:18","slug":"webovy-dizajn","status":"publish","type":"page","link":"https:\/\/kkwebdizajn.com\/svk\/webdesign\/","title":{"rendered":"Webov\u00fd dizajn"},"content":{"rendered":"<div data-elementor-type=\"wp-post\" data-elementor-id=\"10\" class=\"elementor elementor-10\" data-elementor-post-type=\"page\">\n\t\t\t\t<div class=\"elementor-element elementor-element-382155f e-con-full e-flex e-con e-parent\" data-id=\"382155f\" data-element_type=\"container\" data-e-type=\"container\" data-settings=\"{&quot;background_background&quot;:&quot;classic&quot;}\">\n\t\t<div class=\"elementor-element elementor-element-2726b0e e-con-full e-flex e-con e-child\" data-id=\"2726b0e\" data-element_type=\"container\" data-e-type=\"container\" data-settings=\"{&quot;background_background&quot;:&quot;gradient&quot;}\">\n\t\t<div class=\"elementor-element elementor-element-004b00b e-con-full e-flex e-con e-child\" data-id=\"004b00b\" data-element_type=\"container\" data-e-type=\"container\">\n\t\t<div class=\"elementor-element elementor-element-18f8d47 e-con-full e-flex e-con e-child\" data-id=\"18f8d47\" data-element_type=\"container\" data-e-type=\"container\">\n\t\t\t\t<div class=\"elementor-element elementor-element-3f78ea4 elementor-widget elementor-widget-heading\" data-id=\"3f78ea4\" data-element_type=\"widget\" data-e-type=\"widget\" data-widget_type=\"heading.default\">\n\t\t\t\t<div class=\"elementor-widget-container\">\n\t\t\t\t\t<h1 class=\"elementor-heading-title elementor-size-default\">Webov\u00fd dizajn<\/h1>\t\t\t\t<\/div>\n\t\t\t\t<\/div>\n\t\t\t\t<div class=\"elementor-element elementor-element-361e4a2 elementor-invisible elementor-widget elementor-widget-text-editor\" data-id=\"361e4a2\" data-element_type=\"widget\" data-e-type=\"widget\" data-settings=\"{&quot;_animation&quot;:&quot;slideInUp&quot;}\" data-widget_type=\"text-editor.default\">\n\t\t\t\t<div class=\"elementor-widget-container\">\n\t\t\t\t\t\t\t\t\t<p>M\u00f4\u017eem v\u00e1m pom\u00f4c\u0165 upravi\u0165 va\u0161u webov\u00fa str\u00e1nku alebo vytvori\u0165 \u00faplne nov\u00fa, ktor\u00e1 bude odr\u00e1\u017ea\u0165 v\u00e1s a va\u0161e podnikanie, bude dobre fungova\u0165 na v\u0161etk\u00fdch zariadeniach a pril\u00e1ka z\u00e1kazn\u00edkov.<\/p>\t\t\t\t\t\t\t\t<\/div>\n\t\t\t\t<\/div>\n\t\t\t\t<\/div>\n\t\t\t\t<\/div>\n\t\t<div class=\"elementor-element elementor-element-08c60c0 e-con-full e-flex e-con e-child\" data-id=\"08c60c0\" data-element_type=\"container\" data-e-type=\"container\" data-settings=\"{&quot;background_background&quot;:&quot;classic&quot;}\">\n\t\t\t\t<div class=\"elementor-element elementor-element-1370045 elementor-widget__width-initial elementor-widget elementor-widget-image\" data-id=\"1370045\" data-element_type=\"widget\" data-e-type=\"widget\" data-widget_type=\"image.default\">\n\t\t\t\t<div class=\"elementor-widget-container\">\n\t\t\t\t\t\t\t\t\t\t\t\t\t\t\t<img fetchpriority=\"high\" decoding=\"async\" width=\"1024\" height=\"683\" src=\"https:\/\/kkwebdizajn.com\/wp-content\/uploads\/2025\/12\/wall-1024x683.webp\" class=\"attachment-large size-large wp-image-2134\" alt=\"\" srcset=\"https:\/\/kkwebdizajn.com\/wp-content\/uploads\/2025\/12\/wall-1024x683.webp 1024w, https:\/\/kkwebdizajn.com\/wp-content\/uploads\/2025\/12\/wall-300x200.webp 300w, https:\/\/kkwebdizajn.com\/wp-content\/uploads\/2025\/12\/wall-768x512.webp 768w, https:\/\/kkwebdizajn.com\/wp-content\/uploads\/2025\/12\/wall-600x400.webp 600w, https:\/\/kkwebdizajn.com\/wp-content\/uploads\/2025\/12\/wall.webp 1536w\" sizes=\"(max-width: 1024px) 100vw, 1024px\" \/>\t\t\t\t\t\t\t\t\t\t\t\t\t\t\t<\/div>\n\t\t\t\t<\/div>\n\t\t\t\t<\/div>\n\t\t\t\t<\/div>\n\t\t\t\t<\/div>\n\t\t<div class=\"elementor-element elementor-element-91068dd e-flex e-con-boxed e-con e-parent\" data-id=\"91068dd\" data-element_type=\"container\" data-e-type=\"container\" data-settings=\"{&quot;background_background&quot;:&quot;classic&quot;}\">\n\t\t\t\t\t<div class=\"e-con-inner\">\n\t\t<div class=\"elementor-element elementor-element-00fcb97 e-con-full e-flex e-con e-child\" data-id=\"00fcb97\" data-element_type=\"container\" data-e-type=\"container\">\n\t\t\t\t<div class=\"elementor-element elementor-element-83d0b62 elementor-widget elementor-widget-heading\" data-id=\"83d0b62\" data-element_type=\"widget\" data-e-type=\"widget\" data-widget_type=\"heading.default\">\n\t\t\t\t<div class=\"elementor-widget-container\">\n\t\t\t\t\t<h2 class=\"elementor-heading-title elementor-size-default\">\u010co potrebujete?<\/h2>\t\t\t\t<\/div>\n\t\t\t\t<\/div>\n\t\t\t\t<div class=\"elementor-element elementor-element-15b32b2 elementor-widget__width-initial elementor-invisible elementor-widget elementor-widget-text-editor\" data-id=\"15b32b2\" data-element_type=\"widget\" data-e-type=\"widget\" data-settings=\"{&quot;_animation&quot;:&quot;slideInUp&quot;}\" data-widget_type=\"text-editor.default\">\n\t\t\t\t<div class=\"elementor-widget-container\">\n\t\t\t\t\t\t\t\t\t<p>Vyberte si z nasleduj\u00facich slu\u017eieb webov\u00e9ho dizajnu alebo po\u017eiadajte o ponuku na mieru!<\/p>\t\t\t\t\t\t\t\t<\/div>\n\t\t\t\t<\/div>\n\t\t<div class=\"elementor-element elementor-element-5a86139 e-con-full e-flex e-con e-child\" data-id=\"5a86139\" data-element_type=\"container\" data-e-type=\"container\">\n\t\t<div class=\"elementor-element elementor-element-c33cf31 e-con-full e-flex elementor-invisible e-con e-child\" data-id=\"c33cf31\" data-element_type=\"container\" data-e-type=\"container\" data-settings=\"{&quot;animation&quot;:&quot;slideInUp&quot;,&quot;animation_delay&quot;:200}\">\n\t\t\t\t<div class=\"elementor-element elementor-element-d447c09 elementor-widget elementor-widget-image-box\" data-id=\"d447c09\" data-element_type=\"widget\" data-e-type=\"widget\" data-widget_type=\"image-box.default\">\n\t\t\t\t<div class=\"elementor-widget-container\">\n\t\t\t\t\t<div class=\"elementor-image-box-wrapper\"><div class=\"elementor-image-box-content\"><h3 class=\"elementor-image-box-title\">Landing str\u00e1nka<\/h3><\/div><\/div>\t\t\t\t<\/div>\n\t\t\t\t<\/div>\n\t\t\t\t<div class=\"elementor-element elementor-element-e814cbe elementor-widget-divider--view-line elementor-widget elementor-widget-divider\" data-id=\"e814cbe\" data-element_type=\"widget\" data-e-type=\"widget\" data-widget_type=\"divider.default\">\n\t\t\t\t<div class=\"elementor-widget-container\">\n\t\t\t\t\t\t\t<div class=\"elementor-divider\">\n\t\t\t<span class=\"elementor-divider-separator\">\n\t\t\t\t\t\t<\/span>\n\t\t<\/div>\n\t\t\t\t\t\t<\/div>\n\t\t\t\t<\/div>\n\t\t\t\t<div class=\"elementor-element elementor-element-9cb567c elementor-widget elementor-widget-text-editor\" data-id=\"9cb567c\" data-element_type=\"widget\" data-e-type=\"widget\" data-widget_type=\"text-editor.default\">\n\t\t\t\t<div class=\"elementor-widget-container\">\n\t\t\t\t\t\t\t\t\t<p>Konzult\u00e1cie pod\u013ea potreby<\/p><p>N\u00e1vrh projektu, defin\u00edcia obsahu<\/p><p>Spr\u00e1va a \u00fadr\u017eba dom\u00e9ny a hostingu<\/p><p>V\u00fdskum a anal\u00fdza<\/p><p>Pr\u00edprava pl\u00e1nu n\u00e1vrhu<\/p><p>Vytvorenie webovej str\u00e1nky<\/p><p>A\u017e 3 mo\u017enosti \u00faprav<\/p>\t\t\t\t\t\t\t\t<\/div>\n\t\t\t\t<\/div>\n\t\t\t\t<div class=\"elementor-element elementor-element-36c6b6e elementor-widget elementor-widget-text-editor\" data-id=\"36c6b6e\" data-element_type=\"widget\" data-e-type=\"widget\" data-widget_type=\"text-editor.default\">\n\t\t\t\t<div class=\"elementor-widget-container\">\n\t\t\t\t\t\t\t\t\t<p>Odovzdanie hotovej webstr\u00e1nky<\/p>\t\t\t\t\t\t\t\t<\/div>\n\t\t\t\t<\/div>\n\t\t\t\t<div class=\"elementor-element elementor-element-259222e elementor-widget elementor-widget-text-editor\" data-id=\"259222e\" data-element_type=\"widget\" data-e-type=\"widget\" data-widget_type=\"text-editor.default\">\n\t\t\t\t<div class=\"elementor-widget-container\">\n\t\t\t\t\t\t\t\t\t<p>229 &#8211; 329 \u20ac<\/p>\t\t\t\t\t\t\t\t<\/div>\n\t\t\t\t<\/div>\n\t\t\t\t<\/div>\n\t\t<div class=\"elementor-element elementor-element-00bf0ac e-con-full e-flex elementor-invisible e-con e-child\" data-id=\"00bf0ac\" data-element_type=\"container\" data-e-type=\"container\" data-settings=\"{&quot;animation&quot;:&quot;slideInUp&quot;,&quot;animation_delay&quot;:600}\">\n\t\t\t\t<div class=\"elementor-element elementor-element-071b56a elementor-widget elementor-widget-image-box\" data-id=\"071b56a\" data-element_type=\"widget\" data-e-type=\"widget\" data-widget_type=\"image-box.default\">\n\t\t\t\t<div class=\"elementor-widget-container\">\n\t\t\t\t\t<div class=\"elementor-image-box-wrapper\"><div class=\"elementor-image-box-content\"><h3 class=\"elementor-image-box-title\">Ready z\u00e1kladn\u00fd bal\u00edk<\/h3><\/div><\/div>\t\t\t\t<\/div>\n\t\t\t\t<\/div>\n\t\t\t\t<div class=\"elementor-element elementor-element-6e62bcd elementor-widget-divider--view-line elementor-widget elementor-widget-divider\" data-id=\"6e62bcd\" data-element_type=\"widget\" data-e-type=\"widget\" data-widget_type=\"divider.default\">\n\t\t\t\t<div class=\"elementor-widget-container\">\n\t\t\t\t\t\t\t<div class=\"elementor-divider\">\n\t\t\t<span class=\"elementor-divider-separator\">\n\t\t\t\t\t\t<\/span>\n\t\t<\/div>\n\t\t\t\t\t\t<\/div>\n\t\t\t\t<\/div>\n\t\t\t\t<div class=\"elementor-element elementor-element-f46d8f3 elementor-widget elementor-widget-text-editor\" data-id=\"f46d8f3\" data-element_type=\"widget\" data-e-type=\"widget\" data-widget_type=\"text-editor.default\">\n\t\t\t\t<div class=\"elementor-widget-container\">\n\t\t\t\t\t\t\t\t\t<p>Konzult\u00e1cie pod\u013ea potreby<\/p><p>N\u00e1vrh projektu, defin\u00edcia obsahu<\/p><p>Spr\u00e1va a \u00fadr\u017eba dom\u00e9ny a hostingu<\/p><p>V\u00fdskum a anal\u00fdza<\/p><p>Pr\u00edprava pl\u00e1nu n\u00e1vrhu<\/p><p>Vytvorenie webovej str\u00e1nky<\/p><p>A\u017e 3 mo\u017enosti \u00faprav<\/p>\t\t\t\t\t\t\t\t<\/div>\n\t\t\t\t<\/div>\n\t\t\t\t<div class=\"elementor-element elementor-element-2378c97 elementor-widget elementor-widget-text-editor\" data-id=\"2378c97\" data-element_type=\"widget\" data-e-type=\"widget\" data-widget_type=\"text-editor.default\">\n\t\t\t\t<div class=\"elementor-widget-container\">\n\t\t\t\t\t\t\t\t\t<p>Odovzdanie hotovej webstr\u00e1nky<\/p>\t\t\t\t\t\t\t\t<\/div>\n\t\t\t\t<\/div>\n\t\t\t\t<div class=\"elementor-element elementor-element-d7c8600 elementor-widget elementor-widget-text-editor\" data-id=\"d7c8600\" data-element_type=\"widget\" data-e-type=\"widget\" data-widget_type=\"text-editor.default\">\n\t\t\t\t<div class=\"elementor-widget-container\">\n\t\t\t\t\t\t\t\t\t<p>329 &#8211; 529 \u20ac<\/p>\t\t\t\t\t\t\t\t<\/div>\n\t\t\t\t<\/div>\n\t\t\t\t<\/div>\n\t\t<div class=\"elementor-element elementor-element-8e832a6 e-con-full e-flex elementor-invisible e-con e-child\" data-id=\"8e832a6\" data-element_type=\"container\" data-e-type=\"container\" data-settings=\"{&quot;animation&quot;:&quot;slideInUp&quot;,&quot;animation_delay&quot;:1000}\">\n\t\t\t\t<div class=\"elementor-element elementor-element-2eb5b37 elementor-widget elementor-widget-image-box\" data-id=\"2eb5b37\" data-element_type=\"widget\" data-e-type=\"widget\" data-widget_type=\"image-box.default\">\n\t\t\t\t<div class=\"elementor-widget-container\">\n\t\t\t\t\t<div class=\"elementor-image-box-wrapper\"><div class=\"elementor-image-box-content\"><h3 class=\"elementor-image-box-title\">Webstr\u00e1nka Pro 3-6 str\u00e1n<\/h3><\/div><\/div>\t\t\t\t<\/div>\n\t\t\t\t<\/div>\n\t\t\t\t<div class=\"elementor-element elementor-element-826eba4 elementor-widget-divider--view-line elementor-widget elementor-widget-divider\" data-id=\"826eba4\" data-element_type=\"widget\" data-e-type=\"widget\" data-widget_type=\"divider.default\">\n\t\t\t\t<div class=\"elementor-widget-container\">\n\t\t\t\t\t\t\t<div class=\"elementor-divider\">\n\t\t\t<span class=\"elementor-divider-separator\">\n\t\t\t\t\t\t<\/span>\n\t\t<\/div>\n\t\t\t\t\t\t<\/div>\n\t\t\t\t<\/div>\n\t\t\t\t<div class=\"elementor-element elementor-element-4195d76 elementor-widget elementor-widget-text-editor\" data-id=\"4195d76\" data-element_type=\"widget\" data-e-type=\"widget\" data-widget_type=\"text-editor.default\">\n\t\t\t\t<div class=\"elementor-widget-container\">\n\t\t\t\t\t\t\t\t\t<p>Konzult\u00e1cie pod\u013ea potreby<\/p><p>N\u00e1vrh projektu, defin\u00edcia obsahu<\/p><p>Spr\u00e1va a \u00fadr\u017eba dom\u00e9ny a hostingu<\/p><p>V\u00fdskum a anal\u00fdza<\/p><p>Pr\u00edprava pl\u00e1nu n\u00e1vrhu<\/p><p>Vytvorenie webovej str\u00e1nky<\/p><p>A\u017e 3 mo\u017enosti \u00faprav<\/p>\t\t\t\t\t\t\t\t<\/div>\n\t\t\t\t<\/div>\n\t\t\t\t<div class=\"elementor-element elementor-element-8033a8f elementor-widget elementor-widget-text-editor\" data-id=\"8033a8f\" data-element_type=\"widget\" data-e-type=\"widget\" data-widget_type=\"text-editor.default\">\n\t\t\t\t<div class=\"elementor-widget-container\">\n\t\t\t\t\t\t\t\t\t<p>Odovzdanie hotovej webstr\u00e1nky<\/p>\t\t\t\t\t\t\t\t<\/div>\n\t\t\t\t<\/div>\n\t\t\t\t<div class=\"elementor-element elementor-element-68c2a71 elementor-widget elementor-widget-text-editor\" data-id=\"68c2a71\" data-element_type=\"widget\" data-e-type=\"widget\" data-widget_type=\"text-editor.default\">\n\t\t\t\t<div class=\"elementor-widget-container\">\n\t\t\t\t\t\t\t\t\t<p>529 &#8211; 799 \u20ac<\/p>\t\t\t\t\t\t\t\t<\/div>\n\t\t\t\t<\/div>\n\t\t\t\t<\/div>\n\t\t\t\t<\/div>\n\t\t\t\t<\/div>\n\t\t\t\t\t<\/div>\n\t\t\t\t<\/div>\n\t\t<div class=\"elementor-element elementor-element-1cf9068 e-flex e-con-boxed e-con e-parent\" data-id=\"1cf9068\" data-element_type=\"container\" data-e-type=\"container\" data-settings=\"{&quot;background_background&quot;:&quot;classic&quot;}\">\n\t\t\t\t\t<div class=\"e-con-inner\">\n\t\t\t\t<div class=\"elementor-element elementor-element-8b64917 elementor-widget elementor-widget-text-editor\" data-id=\"8b64917\" data-element_type=\"widget\" data-e-type=\"widget\" data-widget_type=\"text-editor.default\">\n\t\t\t\t<div class=\"elementor-widget-container\">\n\t\t\t\t\t\t\t\t\t<p>Cena jednotliv\u00fdch bal\u00edkov sa m\u00f4\u017ee l\u00ed\u0161i\u0165 v z\u00e1vislosti od detailov projektu - napr\u00edklad od toho, ko\u013eko podstr\u00e1nok potrebujete, ko\u013eko obsahu chcete zahrn\u00fa\u0165, ak\u00e9 funkcie alebo extern\u00e9 n\u00e1stroje chcete pou\u017ei\u0165. Presn\u00fa cenu v\u017edy rada prisp\u00f4sob\u00edm Va\u0161im potreb\u00e1m.<\/p>\t\t\t\t\t\t\t\t<\/div>\n\t\t\t\t<\/div>\n\t\t\t\t\t<\/div>\n\t\t\t\t<\/div>\n\t\t<div class=\"elementor-element elementor-element-d740d93 e-flex e-con-boxed e-con e-parent\" data-id=\"d740d93\" data-element_type=\"container\" data-e-type=\"container\" data-settings=\"{&quot;background_background&quot;:&quot;classic&quot;}\">\n\t\t\t\t\t<div class=\"e-con-inner\">\n\t\t<div class=\"elementor-element elementor-element-81fa0ff e-con-full e-flex e-con e-child\" data-id=\"81fa0ff\" data-element_type=\"container\" data-e-type=\"container\">\n\t\t\t\t<div class=\"elementor-element elementor-element-300860c elementor-widget elementor-widget-heading\" data-id=\"300860c\" data-element_type=\"widget\" data-e-type=\"widget\" data-widget_type=\"heading.default\">\n\t\t\t\t<div class=\"elementor-widget-container\">\n\t\t\t\t\t<h2 class=\"elementor-heading-title elementor-size-default\">Je \u010das, aby ste ma kontaktovali!<\/h2>\t\t\t\t<\/div>\n\t\t\t\t<\/div>\n\t\t\t\t<div class=\"elementor-element elementor-element-eb4414b elementor-widget elementor-widget-text-editor\" data-id=\"eb4414b\" data-element_type=\"widget\" data-e-type=\"widget\" data-widget_type=\"text-editor.default\">\n\t\t\t\t<div class=\"elementor-widget-container\">\n\t\t\t\t\t\t\t\t\t<p>Viete, ktor\u00fd bal\u00edk je pre V\u00e1s vhodn\u00fd? Alebo e\u0161te v\u00e1hate? Ozvite sa mi alebo si rezervujte 30-min\u00fatov\u00fa bezplatn\u00fa konzult\u00e1ciu \u2013 rada V\u00e1m pom\u00f4\u017eem rozhodn\u00fa\u0165 sa.<\/p>\t\t\t\t\t\t\t\t<\/div>\n\t\t\t\t<\/div>\n\t\t<div class=\"elementor-element elementor-element-f772e42 e-con-full e-flex e-con e-child\" data-id=\"f772e42\" data-element_type=\"container\" data-e-type=\"container\">\n\t\t\t\t<div class=\"elementor-element elementor-element-8ae7fd8 elementor-widget elementor-widget-button\" data-id=\"8ae7fd8\" data-element_type=\"widget\" data-e-type=\"widget\" data-settings=\"{&quot;_animation&quot;:&quot;none&quot;}\" data-widget_type=\"button.default\">\n\t\t\t\t<div class=\"elementor-widget-container\">\n\t\t\t\t\t\t\t\t\t<div class=\"elementor-button-wrapper\">\n\t\t\t\t\t<a class=\"elementor-button elementor-button-link elementor-size-sm\" href=\"https:\/\/kkwebdizajn.com\/kapcsolat\/#kapcsolat\">\n\t\t\t\t\t\t<span class=\"elementor-button-content-wrapper\">\n\t\t\t\t\t\t<span class=\"elementor-button-icon\">\n\t\t\t\t<i aria-hidden=\"true\" class=\"far fa-paper-plane\"><\/i>\t\t\t<\/span>\n\t\t\t\t\t\t\t\t\t<span class=\"elementor-button-text\">Po\u017eiadajte o bezplatn\u00fa konzult\u00e1ciu!<\/span>\n\t\t\t\t\t<\/span>\n\t\t\t\t\t<\/a>\n\t\t\t\t<\/div>\n\t\t\t\t\t\t\t\t<\/div>\n\t\t\t\t<\/div>\n\t\t\t\t<\/div>\n\t\t\t\t<\/div>\n\t\t\t\t\t<\/div>\n\t\t\t\t<\/div>\n\t\t\t\t<\/div>","protected":false},"excerpt":{"rendered":"<p>Webdesign Seg\u00edtek rendbetenni weboldalad vagy elk\u00e9sz\u00edtek neked egy teljesen \u00fajat , amely T\u00e9ged \u00e9s a v\u00e1llalkoz\u00e1sodat t\u00fckr\u00f6z, minden eszk\u00f6z\u00f6n j\u00f3l haszn\u00e1lhat\u00f3 \u00e9s \u00fcgyfeleket hoz. Mire van sz\u00fcks\u00e9ged? V\u00e1lassz a k\u00f6vetkez\u0151 webdesign szolg\u00e1ltat\u00e1saim k\u00f6z\u00fcl vagy k\u00e9rj egyedi aj\u00e1nlatot! Landing Page Konzult\u00e1ci\u00f3 sz\u00fcks\u00e9g szerint Projekt megtervez\u00e9se, tartalom meghat\u00e1roz\u00e1sa Domain \u00e9s t\u00e1rhely kezel\u00e9se \u00e9s karbantart\u00e1sa Kutat\u00e1s \u00e9s elemz\u00e9s [&hellip;]<\/p>\n","protected":false},"author":1,"featured_media":0,"parent":0,"menu_order":0,"comment_status":"closed","ping_status":"closed","template":"elementor_header_footer","meta":{"site-sidebar-layout":"no-sidebar","site-content-layout":"page-builder","ast-site-content-layout":"full-width-container","site-content-style":"unboxed","site-sidebar-style":"unboxed","ast-global-header-display":"","ast-banner-title-visibility":"","ast-main-header-display":"","ast-hfb-above-header-display":"","ast-hfb-below-header-display":"","ast-hfb-mobile-header-display":"","site-post-title":"disabled","ast-breadcrumbs-content":"","ast-featured-img":"disabled","footer-sml-layout":"","ast-disable-related-posts":"","theme-transparent-header-meta":"enabled","adv-header-id-meta":"","stick-header-meta":"","header-above-stick-meta":"","header-main-stick-meta":"","header-below-stick-meta":"","astra-migrate-meta-layouts":"set","ast-page-background-enabled":"default","ast-page-background-meta":{"desktop":{"background-color":"","background-image":"","background-repeat":"repeat","background-position":"center center","background-size":"auto","background-attachment":"scroll","background-type":"","background-media":"","overlay-type":"","overlay-color":"","overlay-opacity":"","overlay-gradient":""},"tablet":{"background-color":"","background-image":"","background-repeat":"repeat","background-position":"center center","background-size":"auto","background-attachment":"scroll","background-type":"","background-media":"","overlay-type":"","overlay-color":"","overlay-opacity":"","overlay-gradient":""},"mobile":{"background-color":"","background-image":"","background-repeat":"repeat","background-position":"center center","background-size":"auto","background-attachment":"scroll","background-type":"","background-media":"","overlay-type":"","overlay-color":"","overlay-opacity":"","overlay-gradient":""}},"ast-content-background-meta":{"desktop":{"background-color":"var(--ast-global-color-5)","background-image":"","background-repeat":"repeat","background-position":"center center","background-size":"auto","background-attachment":"scroll","background-type":"","background-media":"","overlay-type":"","overlay-color":"","overlay-opacity":"","overlay-gradient":""},"tablet":{"background-color":"var(--ast-global-color-5)","background-image":"","background-repeat":"repeat","background-position":"center center","background-size":"auto","background-attachment":"scroll","background-type":"","background-media":"","overlay-type":"","overlay-color":"","overlay-opacity":"","overlay-gradient":""},"mobile":{"background-color":"var(--ast-global-color-5)","background-image":"","background-repeat":"repeat","background-position":"center center","background-size":"auto","background-attachment":"scroll","background-type":"","background-media":"","overlay-type":"","overlay-color":"","overlay-opacity":"","overlay-gradient":""}},"footnotes":""},"class_list":["post-10","page","type-page","status-publish","hentry"],"_links":{"self":[{"href":"https:\/\/kkwebdizajn.com\/svk\/wp-json\/wp\/v2\/pages\/10","targetHints":{"allow":["GET"]}}],"collection":[{"href":"https:\/\/kkwebdizajn.com\/svk\/wp-json\/wp\/v2\/pages"}],"about":[{"href":"https:\/\/kkwebdizajn.com\/svk\/wp-json\/wp\/v2\/types\/page"}],"author":[{"embeddable":true,"href":"https:\/\/kkwebdizajn.com\/svk\/wp-json\/wp\/v2\/users\/1"}],"replies":[{"embeddable":true,"href":"https:\/\/kkwebdizajn.com\/svk\/wp-json\/wp\/v2\/comments?post=10"}],"version-history":[{"count":225,"href":"https:\/\/kkwebdizajn.com\/svk\/wp-json\/wp\/v2\/pages\/10\/revisions"}],"predecessor-version":[{"id":3953,"href":"https:\/\/kkwebdizajn.com\/svk\/wp-json\/wp\/v2\/pages\/10\/revisions\/3953"}],"wp:attachment":[{"href":"https:\/\/kkwebdizajn.com\/svk\/wp-json\/wp\/v2\/media?parent=10"}],"curies":[{"name":"wp","href":"https:\/\/api.w.org\/{rel}","templated":true}]}}